{"id":25,"date":"2024-12-26T17:29:08","date_gmt":"2024-12-26T16:29:08","guid":{"rendered":"https:\/\/blog.carsten.de\/?page_id=25"},"modified":"2024-12-26T17:29:08","modified_gmt":"2024-12-26T16:29:08","slug":"impressum","status":"publish","type":"page","link":"https:\/\/blog.carsten.de\/?page_id=25","title":{"rendered":"Impressum"},"content":{"rendered":"\n<h1 class=\"wp-block-heading\"><\/h1>\n\n\n\n<h2 class=\"wp-block-heading\" id=\"m46\">Diensteanbieter<\/h2>\n\n\n\n<p>Carsten M. Steffen<\/p>\n\n\n\n<p>Bahnhofstra\u00dfe 51<\/p>\n\n\n\n<p>84051 Essenbach<\/p>\n\n\n\n<p><\/p>\n\n\n\n<h2 class=\"wp-block-heading\" id=\"m56\">Kontaktm\u00f6glichkeiten<\/h2>\n\n\n\n<p>E-Mail-Adresse: blog at carsten.de<\/p>\n\n\n\n<p><\/p>\n\n\n\n<h2 class=\"wp-block-heading\" id=\"m3589\">Audiovisuelle Mediendienste<\/h2>\n\n\n\n<p>Sitzland: Deutschland.<\/p>\n\n\n\n<p>Zust\u00e4ndige Regulierungs-, bzw. Aufsichtsbeh\u00f6rde: Bayerische Landeszentrale f\u00fcr neue Medien (BLM),&nbsp;<a href=\"https:\/\/www.blm.de\/\" target=\"_blank\" rel=\"noreferrer noopener\">https:\/\/www.blm.de\/<\/a><\/p>\n","protected":false},"excerpt":{"rendered":"<p>Diensteanbieter Carsten M. Steffen Bahnhofstra\u00dfe 51 84051 Essenbach Kontaktm\u00f6glichkeiten E-Mail-Adresse: blog at carsten.de Audiovisuelle Mediendienste Sitzland: Deutschland. Zust\u00e4ndige Regulierungs-, bzw. Aufsichtsbeh\u00f6rde: Bayerische Landeszentrale f\u00fcr neue Medien (BLM),&nbsp;https:\/\/www.blm.de\/<\/p>\n","protected":false},"author":1,"featured_media":0,"parent":0,"menu_order":0,"comment_status":"closed","ping_status":"closed","template":"","meta":{"footnotes":""},"class_list":["post-25","page","type-page","status-publish","hentry"],"_links":{"self":[{"href":"https:\/\/blog.carsten.de\/index.php?rest_route=\/wp\/v2\/pages\/25","targetHints":{"allow":["GET"]}}],"collection":[{"href":"https:\/\/blog.carsten.de\/index.php?rest_route=\/wp\/v2\/pages"}],"about":[{"href":"https:\/\/blog.carsten.de\/index.php?rest_route=\/wp\/v2\/types\/page"}],"author":[{"embeddable":true,"href":"https:\/\/blog.carsten.de\/index.php?rest_route=\/wp\/v2\/users\/1"}],"replies":[{"embeddable":true,"href":"https:\/\/blog.carsten.de\/index.php?rest_route=%2Fwp%2Fv2%2Fcomments&post=25"}],"version-history":[{"count":1,"href":"https:\/\/blog.carsten.de\/index.php?rest_route=\/wp\/v2\/pages\/25\/revisions"}],"predecessor-version":[{"id":27,"href":"https:\/\/blog.carsten.de\/index.php?rest_route=\/wp\/v2\/pages\/25\/revisions\/27"}],"wp:attachment":[{"href":"https:\/\/blog.carsten.de\/index.php?rest_route=%2Fwp%2Fv2%2Fmedia&parent=25"}],"curies":[{"name":"wp","href":"https:\/\/api.w.org\/{rel}","templated":true}]}}